{"id":799,"date":"2023-10-23T11:04:43","date_gmt":"2023-10-23T11:04:43","guid":{"rendered":"https:\/\/levelgrup.com\/?page_id=799"},"modified":"2025-08-16T16:11:31","modified_gmt":"2025-08-16T13:11:31","slug":"gizlilik-politikasi","status":"publish","type":"page","link":"https:\/\/levelgrup.com\/?page_id=799","title":{"rendered":"Gizlilik Politikas\u0131"},"content":{"rendered":"\t\t<div data-elementor-type=\"wp-page\" data-elementor-id=\"799\" class=\"elementor elementor-799\" data-elementor-post-type=\"page\">\n\t\t\t\t<div class=\"elementor-element elementor-element-4b657087 e-flex e-con-boxed e-con e-parent\" data-id=\"4b657087\" data-element_type=\"container\" data-e-type=\"container\" data-settings=\"{&quot;background_background&quot;:&quot;classic&quot;}\">\n\t\t\t\t\t<div class=\"e-con-inner\">\n\t\t\t\t<div class=\"elementor-element elementor-element-42598911 elementor-align-center elementor-widget elementor-widget-lottie\" data-id=\"42598911\" data-element_type=\"widget\" data-e-type=\"widget\" data-settings=\"{&quot;source_json&quot;:{&quot;url&quot;:&quot;https:\\\/\\\/levelgrup.com\\\/wp-content\\\/uploads\\\/2023\\\/10\\\/Animation-1697735942630.json&quot;,&quot;id&quot;:556,&quot;size&quot;:&quot;&quot;,&quot;alt&quot;:&quot;&quot;,&quot;source&quot;:&quot;library&quot;},&quot;loop&quot;:&quot;yes&quot;,&quot;source&quot;:&quot;media_file&quot;,&quot;caption_source&quot;:&quot;none&quot;,&quot;link_to&quot;:&quot;none&quot;,&quot;trigger&quot;:&quot;arriving_to_viewport&quot;,&quot;viewport&quot;:{&quot;unit&quot;:&quot;%&quot;,&quot;size&quot;:&quot;&quot;,&quot;sizes&quot;:{&quot;start&quot;:0,&quot;end&quot;:100}},&quot;play_speed&quot;:{&quot;unit&quot;:&quot;px&quot;,&quot;size&quot;:1,&quot;sizes&quot;:[]},&quot;start_point&quot;:{&quot;unit&quot;:&quot;%&quot;,&quot;size&quot;:&quot;0&quot;,&quot;sizes&quot;:[]},&quot;end_point&quot;:{&quot;unit&quot;:&quot;%&quot;,&quot;size&quot;:&quot;100&quot;,&quot;sizes&quot;:[]},&quot;renderer&quot;:&quot;svg&quot;}\" data-widget_type=\"lottie.default\">\n\t\t\t\t<div class=\"elementor-widget-container\">\n\t\t\t\t\t<div class=\"e-lottie__container\"><div class=\"e-lottie__animation\"><\/div><\/div>\t\t\t\t<\/div>\n\t\t\t\t<\/div>\n\t\t\t\t\t<\/div>\n\t\t\t\t<\/div>\n\t\t<div class=\"elementor-element elementor-element-412b1fd0 e-flex e-con-boxed e-con e-parent\" data-id=\"412b1fd0\" data-element_type=\"container\" data-e-type=\"container\">\n\t\t\t\t\t<div class=\"e-con-inner\">\n\t\t<div class=\"elementor-element elementor-element-72c1be8b e-con-full e-flex e-con e-child\" data-id=\"72c1be8b\" data-element_type=\"container\" data-e-type=\"container\" data-settings=\"{&quot;background_background&quot;:&quot;classic&quot;}\">\n\t\t\t\t<div class=\"elementor-element elementor-element-28d7c2ca elementor-widget elementor-widget-text-editor\" data-id=\"28d7c2ca\" data-element_type=\"widget\" data-e-type=\"widget\" data-widget_type=\"text-editor.default\">\n\t\t\t\t<div class=\"elementor-widget-container\">\n\t\t\t\t\t\t\t\t\t<h3 data-start=\"472\" data-end=\"502\">1. Toplad\u0131\u011f\u0131m\u0131z Bilgiler<\/h3><p data-start=\"503\" data-end=\"600\">Sitemizi ziyaret etti\u011finizde veya formlar\u0131m\u0131z\u0131 doldurdu\u011funuzda a\u015fa\u011f\u0131daki bilgiler toplanabilir:<\/p><ul data-start=\"602\" data-end=\"743\"><li data-start=\"602\" data-end=\"625\"><p data-start=\"604\" data-end=\"625\">Ad\u0131n\u0131z ve soyad\u0131n\u0131z<\/p><\/li><li data-start=\"626\" data-end=\"647\"><p data-start=\"628\" data-end=\"647\">Telefon numaran\u0131z<\/p><\/li><li data-start=\"648\" data-end=\"669\"><p data-start=\"650\" data-end=\"669\">E-posta adresiniz<\/p><\/li><li data-start=\"670\" data-end=\"708\"><p data-start=\"672\" data-end=\"708\">IP adresiniz ve taray\u0131c\u0131 bilgileri<\/p><\/li><li data-start=\"709\" data-end=\"743\"><p data-start=\"711\" data-end=\"743\">Mesaj veya talep i\u00e7erikleriniz<\/p><\/li><\/ul><hr data-start=\"745\" data-end=\"748\" \/><h3 data-start=\"750\" data-end=\"787\">2. Bilgilerin Kullan\u0131m Ama\u00e7lar\u0131<\/h3><p data-start=\"788\" data-end=\"836\">Toplanan bilgiler \u015fu ama\u00e7larla kullan\u0131labilir:<\/p><ul data-start=\"838\" data-end=\"1076\"><li data-start=\"838\" data-end=\"889\"><p data-start=\"840\" data-end=\"889\">Sizi bilgilendirmek ve taleplerinizi kar\u015f\u0131lamak<\/p><\/li><li data-start=\"890\" data-end=\"965\"><p data-start=\"892\" data-end=\"965\">Projelerimiz, kampanyalar\u0131m\u0131z ve hizmetlerimiz hakk\u0131nda ileti\u015fim kurmak<\/p><\/li><li data-start=\"966\" data-end=\"1031\"><p data-start=\"968\" data-end=\"1031\">M\u00fc\u015fteri memnuniyetini \u00f6l\u00e7mek ve hizmet kalitesini geli\u015ftirmek<\/p><\/li><li data-start=\"1032\" data-end=\"1076\"><p data-start=\"1034\" data-end=\"1076\">Yasal y\u00fck\u00fcml\u00fcl\u00fcklerimizi yerine getirmek<\/p><\/li><\/ul><hr data-start=\"1078\" data-end=\"1081\" \/><h3 data-start=\"1083\" data-end=\"1112\">3. Bilgilerin Korunmas\u0131<\/h3><p data-start=\"1113\" data-end=\"1315\">Ki\u015fisel verileriniz, KVKK ve ilgili mevzuata uygun \u015fekilde g\u00fcvenli sunucular\u0131m\u0131zda saklan\u0131r. Yetkisiz eri\u015fim, veri kayb\u0131 veya k\u00f6t\u00fcye kullan\u0131m\u0131n \u00f6nlenmesi i\u00e7in gerekli teknik ve idari tedbirler al\u0131n\u0131r.<\/p><hr data-start=\"1317\" data-end=\"1320\" \/><h3 data-start=\"1322\" data-end=\"1346\">4. Bilgi Payla\u015f\u0131m\u0131<\/h3><p data-start=\"1347\" data-end=\"1467\">Ki\u015fisel verileriniz, kanunen yetkili kurum ve kurulu\u015flar haricinde, a\u00e7\u0131k r\u0131zan\u0131z olmadan \u00fc\u00e7\u00fcnc\u00fc ki\u015filerle payla\u015f\u0131lmaz.<\/p><hr data-start=\"1469\" data-end=\"1472\" \/><h3 data-start=\"1474\" data-end=\"1498\">5. \u00c7erez Kullan\u0131m\u0131<\/h3><p data-start=\"1499\" data-end=\"1669\">Web sitemiz, kullan\u0131c\u0131 deneyimini geli\u015ftirmek amac\u0131yla \u00e7erezler (cookies) kullanabilir. \u00c7erez kullan\u0131m\u0131na ili\u015fkin detaylar <strong data-start=\"1622\" data-end=\"1642\">\u00c7erez Politikas\u0131<\/strong> b\u00f6l\u00fcm\u00fcnde a\u00e7\u0131klanm\u0131\u015ft\u0131r.<\/p><hr data-start=\"1671\" data-end=\"1674\" \/><h3 data-start=\"1676\" data-end=\"1695\">6. Haklar\u0131n\u0131z<\/h3><p data-start=\"1696\" data-end=\"1848\">KVKK kapsam\u0131nda; ki\u015fisel verilerinize eri\u015fme, d\u00fczeltilmesini veya silinmesini talep etme, veri i\u015fleme faaliyetlerine itiraz etme haklar\u0131na sahipsiniz.<\/p><hr data-start=\"1850\" data-end=\"1853\" \/><h3 data-start=\"1855\" data-end=\"1872\">7. \u0130leti\u015fim<\/h3><p data-start=\"1873\" data-end=\"1983\">Gizlilik politikam\u0131z veya ki\u015fisel verilerinizle ilgili her t\u00fcrl\u00fc soru i\u00e7in bizimle ileti\u015fime ge\u00e7ebilirsiniz:<\/p><p data-start=\"1985\" data-end=\"2094\"><strong data-start=\"1985\" data-end=\"1995\">Adres:<\/strong> Fuzuli Caddesi, Yukar\u0131yurt\u00e7u, 06815 Etimesgut\/Ankara<br data-start=\"2018\" data-end=\"2021\" \/><strong data-start=\"2021\" data-end=\"2036\">Web Sitesi:<\/strong> <a class=\"cursor-pointer\" target=\"_new\" rel=\"noopener\" data-start=\"2037\" data-end=\"2056\">www.levelankara.com<\/a><br data-start=\"2056\" data-end=\"2059\" \/><strong data-start=\"2059\" data-end=\"2071\">E-posta:<\/strong> <a class=\"cursor-pointer\" rel=\"noopener\" data-start=\"2072\" data-end=\"2092\">info@levelankara.com<\/a><\/p>\t\t\t\t\t\t\t\t<\/div>\n\t\t\t\t<\/div>\n\t\t\t\t<\/div>\n\t\t\t\t\t<\/div>\n\t\t\t\t<\/div>\n\t\t\t\t<\/div>\n\t\t","protected":false},"excerpt":{"rendered":"<p>1. Toplad\u0131\u011f\u0131m\u0131z Bilgiler Sitemizi ziyaret etti\u011finizde veya formlar\u0131m\u0131z\u0131 doldurdu\u011funuzda a\u015fa\u011f\u0131daki bilgiler toplanabilir: Ad\u0131n\u0131z ve soyad\u0131n\u0131z Telefon numaran\u0131z E-posta adresiniz IP adresiniz ve taray\u0131c\u0131 bilgileri Mesaj veya talep i\u00e7erikleriniz 2. Bilgilerin Kullan\u0131m Ama\u00e7lar\u0131 Toplanan bilgiler \u015fu ama\u00e7larla kullan\u0131labilir: Sizi bilgilendirmek ve taleplerinizi kar\u015f\u0131lamak Projelerimiz, kampanyalar\u0131m\u0131z ve hizmetlerimiz hakk\u0131nda ileti\u015fim kurmak M\u00fc\u015fteri memnuniyetini \u00f6l\u00e7mek ve hizmet kalitesini [&hellip;]<\/p>\n","protected":false},"author":1,"featured_media":0,"parent":0,"menu_order":0,"comment_status":"closed","ping_status":"closed","template":"","meta":{"footnotes":""},"class_list":["post-799","page","type-page","status-publish","hentry"],"yoast_head":"<!-- This site is optimized with the Yoast SEO plugin v26.3 - https:\/\/yoast.com\/wordpress\/plugins\/seo\/ -->\n<title>Gizlilik Politikas\u0131 - Level Grup<\/title>\n<meta name=\"robots\" content=\"index, follow, max-snippet:-1, max-image-preview:large, max-video-preview:-1\" \/>\n<link rel=\"canonical\" href=\"https:\/\/levelgrup.com\/?page_id=799\" \/>\n<meta property=\"og:locale\" content=\"tr_TR\" \/>\n<meta property=\"og:type\" content=\"article\" \/>\n<meta property=\"og:title\" content=\"Gizlilik Politikas\u0131 - Level Grup\" \/>\n<meta property=\"og:description\" content=\"1. Toplad\u0131\u011f\u0131m\u0131z Bilgiler Sitemizi ziyaret etti\u011finizde veya formlar\u0131m\u0131z\u0131 doldurdu\u011funuzda a\u015fa\u011f\u0131daki bilgiler toplanabilir: Ad\u0131n\u0131z ve soyad\u0131n\u0131z Telefon numaran\u0131z E-posta adresiniz IP adresiniz ve taray\u0131c\u0131 bilgileri Mesaj veya talep i\u00e7erikleriniz 2. Bilgilerin Kullan\u0131m Ama\u00e7lar\u0131 Toplanan bilgiler \u015fu ama\u00e7larla kullan\u0131labilir: Sizi bilgilendirmek ve taleplerinizi kar\u015f\u0131lamak Projelerimiz, kampanyalar\u0131m\u0131z ve hizmetlerimiz hakk\u0131nda ileti\u015fim kurmak M\u00fc\u015fteri memnuniyetini \u00f6l\u00e7mek ve hizmet kalitesini [&hellip;]\" \/>\n<meta property=\"og:url\" content=\"https:\/\/levelgrup.com\/?page_id=799\" \/>\n<meta property=\"og:site_name\" content=\"Level Grup\" \/>\n<meta property=\"article:modified_time\" content=\"2025-08-16T13:11:31+00:00\" \/>\n<meta name=\"twitter:card\" content=\"summary_large_image\" \/>\n<meta name=\"twitter:label1\" content=\"Tahmini okuma s\u00fcresi\" \/>\n\t<meta name=\"twitter:data1\" content=\"1 dakika\" \/>\n<script type=\"application\/ld+json\" class=\"yoast-schema-graph\">{\"@context\":\"https:\/\/schema.org\",\"@graph\":[{\"@type\":\"WebPage\",\"@id\":\"https:\/\/levelgrup.com\/?page_id=799\",\"url\":\"https:\/\/levelgrup.com\/?page_id=799\",\"name\":\"Gizlilik Politikas\u0131 - Level Grup\",\"isPartOf\":{\"@id\":\"https:\/\/levelgrup.com\/#website\"},\"datePublished\":\"2023-10-23T11:04:43+00:00\",\"dateModified\":\"2025-08-16T13:11:31+00:00\",\"breadcrumb\":{\"@id\":\"https:\/\/levelgrup.com\/?page_id=799#breadcrumb\"},\"inLanguage\":\"tr\",\"potentialAction\":[{\"@type\":\"ReadAction\",\"target\":[\"https:\/\/levelgrup.com\/?page_id=799\"]}]},{\"@type\":\"BreadcrumbList\",\"@id\":\"https:\/\/levelgrup.com\/?page_id=799#breadcrumb\",\"itemListElement\":[{\"@type\":\"ListItem\",\"position\":1,\"name\":\"Anasayfa\",\"item\":\"https:\/\/levelgrup.com\/\"},{\"@type\":\"ListItem\",\"position\":2,\"name\":\"Gizlilik Politikas\u0131\"}]},{\"@type\":\"WebSite\",\"@id\":\"https:\/\/levelgrup.com\/#website\",\"url\":\"https:\/\/levelgrup.com\/\",\"name\":\"Level Grup\",\"description\":\"Level Grup\",\"publisher\":{\"@id\":\"https:\/\/levelgrup.com\/#organization\"},\"potentialAction\":[{\"@type\":\"SearchAction\",\"target\":{\"@type\":\"EntryPoint\",\"urlTemplate\":\"https:\/\/levelgrup.com\/?s={search_term_string}\"},\"query-input\":{\"@type\":\"PropertyValueSpecification\",\"valueRequired\":true,\"valueName\":\"search_term_string\"}}],\"inLanguage\":\"tr\"},{\"@type\":\"Organization\",\"@id\":\"https:\/\/levelgrup.com\/#organization\",\"name\":\"Level Grup\",\"url\":\"https:\/\/levelgrup.com\/\",\"logo\":{\"@type\":\"ImageObject\",\"inLanguage\":\"tr\",\"@id\":\"https:\/\/levelgrup.com\/#\/schema\/logo\/image\/\",\"url\":\"https:\/\/levelgrup.com\/wp-content\/uploads\/2023\/10\/bismillah.png\",\"contentUrl\":\"https:\/\/levelgrup.com\/wp-content\/uploads\/2023\/10\/bismillah.png\",\"width\":1024,\"height\":189,\"caption\":\"Level Grup\"},\"image\":{\"@id\":\"https:\/\/levelgrup.com\/#\/schema\/logo\/image\/\"}}]}<\/script>\n<!-- \/ Yoast SEO plugin. -->","yoast_head_json":{"title":"Gizlilik Politikas\u0131 - Level Grup","robots":{"index":"index","follow":"follow","max-snippet":"max-snippet:-1","max-image-preview":"max-image-preview:large","max-video-preview":"max-video-preview:-1"},"canonical":"https:\/\/levelgrup.com\/?page_id=799","og_locale":"tr_TR","og_type":"article","og_title":"Gizlilik Politikas\u0131 - Level Grup","og_description":"1. Toplad\u0131\u011f\u0131m\u0131z Bilgiler Sitemizi ziyaret etti\u011finizde veya formlar\u0131m\u0131z\u0131 doldurdu\u011funuzda a\u015fa\u011f\u0131daki bilgiler toplanabilir: Ad\u0131n\u0131z ve soyad\u0131n\u0131z Telefon numaran\u0131z E-posta adresiniz IP adresiniz ve taray\u0131c\u0131 bilgileri Mesaj veya talep i\u00e7erikleriniz 2. Bilgilerin Kullan\u0131m Ama\u00e7lar\u0131 Toplanan bilgiler \u015fu ama\u00e7larla kullan\u0131labilir: Sizi bilgilendirmek ve taleplerinizi kar\u015f\u0131lamak Projelerimiz, kampanyalar\u0131m\u0131z ve hizmetlerimiz hakk\u0131nda ileti\u015fim kurmak M\u00fc\u015fteri memnuniyetini \u00f6l\u00e7mek ve hizmet kalitesini [&hellip;]","og_url":"https:\/\/levelgrup.com\/?page_id=799","og_site_name":"Level Grup","article_modified_time":"2025-08-16T13:11:31+00:00","twitter_card":"summary_large_image","twitter_misc":{"Tahmini okuma s\u00fcresi":"1 dakika"},"schema":{"@context":"https:\/\/schema.org","@graph":[{"@type":"WebPage","@id":"https:\/\/levelgrup.com\/?page_id=799","url":"https:\/\/levelgrup.com\/?page_id=799","name":"Gizlilik Politikas\u0131 - Level Grup","isPartOf":{"@id":"https:\/\/levelgrup.com\/#website"},"datePublished":"2023-10-23T11:04:43+00:00","dateModified":"2025-08-16T13:11:31+00:00","breadcrumb":{"@id":"https:\/\/levelgrup.com\/?page_id=799#breadcrumb"},"inLanguage":"tr","potentialAction":[{"@type":"ReadAction","target":["https:\/\/levelgrup.com\/?page_id=799"]}]},{"@type":"BreadcrumbList","@id":"https:\/\/levelgrup.com\/?page_id=799#breadcrumb","itemListElement":[{"@type":"ListItem","position":1,"name":"Anasayfa","item":"https:\/\/levelgrup.com\/"},{"@type":"ListItem","position":2,"name":"Gizlilik Politikas\u0131"}]},{"@type":"WebSite","@id":"https:\/\/levelgrup.com\/#website","url":"https:\/\/levelgrup.com\/","name":"Level Grup","description":"Level Grup","publisher":{"@id":"https:\/\/levelgrup.com\/#organization"},"potentialAction":[{"@type":"SearchAction","target":{"@type":"EntryPoint","urlTemplate":"https:\/\/levelgrup.com\/?s={search_term_string}"},"query-input":{"@type":"PropertyValueSpecification","valueRequired":true,"valueName":"search_term_string"}}],"inLanguage":"tr"},{"@type":"Organization","@id":"https:\/\/levelgrup.com\/#organization","name":"Level Grup","url":"https:\/\/levelgrup.com\/","logo":{"@type":"ImageObject","inLanguage":"tr","@id":"https:\/\/levelgrup.com\/#\/schema\/logo\/image\/","url":"https:\/\/levelgrup.com\/wp-content\/uploads\/2023\/10\/bismillah.png","contentUrl":"https:\/\/levelgrup.com\/wp-content\/uploads\/2023\/10\/bismillah.png","width":1024,"height":189,"caption":"Level Grup"},"image":{"@id":"https:\/\/levelgrup.com\/#\/schema\/logo\/image\/"}}]}},"_links":{"self":[{"href":"https:\/\/levelgrup.com\/index.php?rest_route=\/wp\/v2\/pages\/799","targetHints":{"allow":["GET"]}}],"collection":[{"href":"https:\/\/levelgrup.com\/index.php?rest_route=\/wp\/v2\/pages"}],"about":[{"href":"https:\/\/levelgrup.com\/index.php?rest_route=\/wp\/v2\/types\/page"}],"author":[{"embeddable":true,"href":"https:\/\/levelgrup.com\/index.php?rest_route=\/wp\/v2\/users\/1"}],"replies":[{"embeddable":true,"href":"https:\/\/levelgrup.com\/index.php?rest_route=%2Fwp%2Fv2%2Fcomments&post=799"}],"version-history":[{"count":28,"href":"https:\/\/levelgrup.com\/index.php?rest_route=\/wp\/v2\/pages\/799\/revisions"}],"predecessor-version":[{"id":1611,"href":"https:\/\/levelgrup.com\/index.php?rest_route=\/wp\/v2\/pages\/799\/revisions\/1611"}],"wp:attachment":[{"href":"https:\/\/levelgrup.com\/index.php?rest_route=%2Fwp%2Fv2%2Fmedia&parent=799"}],"curies":[{"name":"wp","href":"https:\/\/api.w.org\/{rel}","templated":true}]}}