{"id":1370,"date":"2025-08-14T17:23:51","date_gmt":"2025-08-14T14:23:51","guid":{"rendered":"https:\/\/levelgrup.com\/?page_id=1370"},"modified":"2025-08-16T16:11:56","modified_gmt":"2025-08-16T13:11:56","slug":"kvkk","status":"publish","type":"page","link":"https:\/\/levelgrup.com\/?page_id=1370","title":{"rendered":"KVKK"},"content":{"rendered":"\t\t<div data-elementor-type=\"wp-page\" data-elementor-id=\"1370\" class=\"elementor elementor-1370\" data-elementor-post-type=\"page\">\n\t\t\t\t<div class=\"elementor-element elementor-element-4b657087 e-flex e-con-boxed e-con e-parent\" data-id=\"4b657087\" data-element_type=\"container\" data-e-type=\"container\" data-settings=\"{&quot;background_background&quot;:&quot;classic&quot;}\">\n\t\t\t\t\t<div class=\"e-con-inner\">\n\t\t\t\t<div class=\"elementor-element elementor-element-42598911 elementor-align-center elementor-widget elementor-widget-lottie\" data-id=\"42598911\" data-element_type=\"widget\" data-e-type=\"widget\" data-settings=\"{&quot;source_json&quot;:{&quot;url&quot;:&quot;https:\\\/\\\/levelgrup.com\\\/wp-content\\\/uploads\\\/2023\\\/10\\\/Animation-1697735942630.json&quot;,&quot;id&quot;:556,&quot;size&quot;:&quot;&quot;,&quot;alt&quot;:&quot;&quot;,&quot;source&quot;:&quot;library&quot;},&quot;loop&quot;:&quot;yes&quot;,&quot;source&quot;:&quot;media_file&quot;,&quot;caption_source&quot;:&quot;none&quot;,&quot;link_to&quot;:&quot;none&quot;,&quot;trigger&quot;:&quot;arriving_to_viewport&quot;,&quot;viewport&quot;:{&quot;unit&quot;:&quot;%&quot;,&quot;size&quot;:&quot;&quot;,&quot;sizes&quot;:{&quot;start&quot;:0,&quot;end&quot;:100}},&quot;play_speed&quot;:{&quot;unit&quot;:&quot;px&quot;,&quot;size&quot;:1,&quot;sizes&quot;:[]},&quot;start_point&quot;:{&quot;unit&quot;:&quot;%&quot;,&quot;size&quot;:&quot;0&quot;,&quot;sizes&quot;:[]},&quot;end_point&quot;:{&quot;unit&quot;:&quot;%&quot;,&quot;size&quot;:&quot;100&quot;,&quot;sizes&quot;:[]},&quot;renderer&quot;:&quot;svg&quot;}\" data-widget_type=\"lottie.default\">\n\t\t\t\t<div class=\"elementor-widget-container\">\n\t\t\t\t\t<div class=\"e-lottie__container\"><div class=\"e-lottie__animation\"><\/div><\/div>\t\t\t\t<\/div>\n\t\t\t\t<\/div>\n\t\t\t\t\t<\/div>\n\t\t\t\t<\/div>\n\t\t<div class=\"elementor-element elementor-element-412b1fd0 e-flex e-con-boxed e-con e-parent\" data-id=\"412b1fd0\" data-element_type=\"container\" data-e-type=\"container\">\n\t\t\t\t\t<div class=\"e-con-inner\">\n\t\t<div class=\"elementor-element elementor-element-72c1be8b e-con-full e-flex e-con e-child\" data-id=\"72c1be8b\" data-element_type=\"container\" data-e-type=\"container\" data-settings=\"{&quot;background_background&quot;:&quot;classic&quot;}\">\n\t\t\t\t<div class=\"elementor-element elementor-element-28d7c2ca elementor-widget elementor-widget-text-editor\" data-id=\"28d7c2ca\" data-element_type=\"widget\" data-e-type=\"widget\" data-widget_type=\"text-editor.default\">\n\t\t\t\t<div class=\"elementor-widget-container\">\n\t\t\t\t\t\t\t\t\t<h2 data-start=\"251\" data-end=\"294\"><strong data-start=\"254\" data-end=\"292\">Ki\u015fisel Verilerin Korunmas\u0131 Kanunu<\/strong><\/h2><p data-start=\"295\" data-end=\"352\"><strong data-start=\"295\" data-end=\"350\">Ki\u015fisel Verilerin Korunmas\u0131 ve \u0130\u015flenmesi Politikas\u0131<\/strong><\/p><h3 data-start=\"354\" data-end=\"391\">1. Veri Sorumlusu ve Temsilcisi<\/h3><p data-start=\"392\" data-end=\"623\">Bu ayd\u0131nlatma metni, <strong data-start=\"413\" data-end=\"429\">Level Ankara<\/strong> (\u201c\u015eirket\u201d) taraf\u0131ndan, 6698 say\u0131l\u0131 Ki\u015fisel Verilerin Korunmas\u0131 Kanunu (\u201cKVKK\u201d) uyar\u0131nca, ki\u015fisel verilerin i\u015flenmesi, korunmas\u0131 ve aktar\u0131lmas\u0131 konusunda bilgilendirme amac\u0131yla haz\u0131rlanm\u0131\u015ft\u0131r.<\/p><p data-start=\"392\" data-end=\"623\">\u00a0<\/p><hr data-start=\"736\" data-end=\"739\" \/><h3 data-start=\"741\" data-end=\"773\">2. \u0130\u015flenen Ki\u015fisel Veriler<\/h3><p data-start=\"774\" data-end=\"865\">\u0130nternet sitemizi ziyaret eden kullan\u0131c\u0131lar\u0131m\u0131z\u0131n a\u015fa\u011f\u0131daki ki\u015fisel verileri i\u015flenebilir:<\/p><ul data-start=\"867\" data-end=\"989\"><li data-start=\"867\" data-end=\"880\"><p data-start=\"869\" data-end=\"880\">Ad, soyad<\/p><\/li><li data-start=\"881\" data-end=\"901\"><p data-start=\"883\" data-end=\"901\">Telefon numaras\u0131<\/p><\/li><li data-start=\"902\" data-end=\"920\"><p data-start=\"904\" data-end=\"920\">E-posta adresi<\/p><\/li><li data-start=\"921\" data-end=\"953\"><p data-start=\"923\" data-end=\"953\">\u0130leti\u015fim formu mesaj i\u00e7eri\u011fi<\/p><\/li><li data-start=\"954\" data-end=\"989\"><p data-start=\"956\" data-end=\"989\">IP adresi ve taray\u0131c\u0131 bilgileri<br \/><br \/><\/p><\/li><\/ul><hr data-start=\"991\" data-end=\"994\" \/><h3 data-start=\"996\" data-end=\"1039\">3. Ki\u015fisel Verilerin \u0130\u015flenme Ama\u00e7lar\u0131<\/h3><p data-start=\"1040\" data-end=\"1132\">Ki\u015fisel verileriniz, KVKK ve ilgili mevzuata uygun olarak a\u015fa\u011f\u0131daki ama\u00e7larla i\u015flenebilir:<\/p><ul data-start=\"1134\" data-end=\"1364\"><li data-start=\"1134\" data-end=\"1178\"><p data-start=\"1136\" data-end=\"1178\">Size hizmetlerimiz hakk\u0131nda bilgi vermek<\/p><\/li><li data-start=\"1179\" data-end=\"1216\"><p data-start=\"1181\" data-end=\"1216\">\u0130leti\u015fim taleplerinizi kar\u015f\u0131lamak<\/p><\/li><li data-start=\"1217\" data-end=\"1282\"><p data-start=\"1219\" data-end=\"1282\">Projelerimiz ve kampanyalar\u0131m\u0131z hakk\u0131nda bilgilendirme yapmak<\/p><\/li><li data-start=\"1283\" data-end=\"1327\"><p data-start=\"1285\" data-end=\"1327\">Yasal y\u00fck\u00fcml\u00fcl\u00fcklerimizi yerine getirmek<\/p><\/li><li data-start=\"1328\" data-end=\"1364\"><p data-start=\"1330\" data-end=\"1364\">Kullan\u0131c\u0131 deneyimini geli\u015ftirmek<br \/><br \/><\/p><\/li><\/ul><hr data-start=\"1366\" data-end=\"1369\" \/><h3 data-start=\"1371\" data-end=\"1409\">4. Ki\u015fisel Verilerin Aktar\u0131lmas\u0131<\/h3><p data-start=\"1410\" data-end=\"1621\">Ki\u015fisel verileriniz, yasal y\u00fck\u00fcml\u00fcl\u00fckler \u00e7er\u00e7evesinde gerekli g\u00f6r\u00fcld\u00fc\u011f\u00fcnde ilgili resmi kurumlarla veya hizmet ald\u0131\u011f\u0131m\u0131z i\u015f ortaklar\u0131m\u0131zla payla\u015f\u0131labilir. Yurt d\u0131\u015f\u0131na aktar\u0131m gerekti\u011finde, a\u00e7\u0131k r\u0131zan\u0131z al\u0131n\u0131r.<br \/><br \/><\/p><hr data-start=\"1623\" data-end=\"1626\" \/><h3 data-start=\"1628\" data-end=\"1685\">5. Ki\u015fisel Veri Toplaman\u0131n Y\u00f6ntemi ve Hukuki Sebebi<\/h3><p data-start=\"1686\" data-end=\"1910\">Verileriniz; internet sitemizi ziyaret etti\u011finizde, ileti\u015fim formlar\u0131n\u0131 doldurdu\u011funuzda veya do\u011frudan bizimle ileti\u015fime ge\u00e7ti\u011finizde toplan\u0131r. KVKK\u2019n\u0131n 5. ve 6. maddelerinde belirtilen hukuki sebepler \u00e7er\u00e7evesinde i\u015flenir.<br \/><br \/><\/p><hr data-start=\"1912\" data-end=\"1915\" \/><h3 data-start=\"1917\" data-end=\"1951\">6. Veri Sahiplerinin Haklar\u0131<\/h3><p data-start=\"1952\" data-end=\"2021\">KVKK\u2019n\u0131n 11. maddesi uyar\u0131nca, ki\u015fisel verilerinizle ilgili olarak:<\/p><ul data-start=\"2023\" data-end=\"2260\"><li data-start=\"2023\" data-end=\"2056\"><p data-start=\"2025\" data-end=\"2056\">\u0130\u015flenip i\u015flenmedi\u011fini \u00f6\u011frenme<\/p><\/li><li data-start=\"2057\" data-end=\"2115\"><p data-start=\"2059\" data-end=\"2115\">Eksik veya yanl\u0131\u015f i\u015flenmi\u015fse d\u00fczeltilmesini talep etme<\/p><\/li><li data-start=\"2116\" data-end=\"2158\"><p data-start=\"2118\" data-end=\"2158\">Silinmesini veya yok edilmesini isteme<\/p><\/li><li data-start=\"2159\" data-end=\"2198\"><p data-start=\"2161\" data-end=\"2198\">Aktar\u0131ld\u0131\u011f\u0131 \u00fc\u00e7\u00fcnc\u00fc ki\u015fileri \u00f6\u011frenme<\/p><\/li><li data-start=\"2199\" data-end=\"2260\"><p data-start=\"2201\" data-end=\"2260\">\u0130\u015fleme faaliyetlerine itiraz etme<br data-start=\"2234\" data-end=\"2237\" \/>haklar\u0131na sahipsiniz.<br \/><br \/><\/p><\/li><\/ul><hr data-start=\"2262\" data-end=\"2265\" \/><h3 data-start=\"2267\" data-end=\"2284\">7. \u0130leti\u015fim<\/h3><p data-start=\"2285\" data-end=\"2393\">Ki\u015fisel verilerinizle ilgili t\u00fcm talepleriniz i\u00e7in bizimle a\u015fa\u011f\u0131daki kanallardan ileti\u015fime ge\u00e7ebilirsiniz:<\/p><p data-start=\"2395\" data-end=\"2504\"><strong data-start=\"2395\" data-end=\"2405\">Adres:<\/strong> Fuzuli Caddesi, Yukar\u0131yurt\u00e7u, 06815 Etimesgut\/Ankara<br data-start=\"2428\" data-end=\"2431\" \/><strong data-start=\"2431\" data-end=\"2446\">Web Sitesi:<\/strong> <a target=\"_new\" rel=\"noopener\" data-start=\"2447\" data-end=\"2466\">www.levelankara.com<\/a><br data-start=\"2466\" data-end=\"2469\" \/><strong data-start=\"2469\" data-end=\"2481\">E-posta:<\/strong> <a rel=\"noopener\" data-start=\"2482\" data-end=\"2502\">info@levelankara.com<\/a><\/p>\t\t\t\t\t\t\t\t<\/div>\n\t\t\t\t<\/div>\n\t\t\t\t<\/div>\n\t\t\t\t\t<\/div>\n\t\t\t\t<\/div>\n\t\t\t\t<\/div>\n\t\t","protected":false},"excerpt":{"rendered":"<p>Ki\u015fisel Verilerin Korunmas\u0131 Kanunu Ki\u015fisel Verilerin Korunmas\u0131 ve \u0130\u015flenmesi Politikas\u0131 1. Veri Sorumlusu ve Temsilcisi Bu ayd\u0131nlatma metni, Level Ankara (\u201c\u015eirket\u201d) taraf\u0131ndan, 6698 say\u0131l\u0131 Ki\u015fisel Verilerin Korunmas\u0131 Kanunu (\u201cKVKK\u201d) uyar\u0131nca, ki\u015fisel verilerin i\u015flenmesi, korunmas\u0131 ve aktar\u0131lmas\u0131 konusunda bilgilendirme amac\u0131yla haz\u0131rlanm\u0131\u015ft\u0131r. \u00a0 2. \u0130\u015flenen Ki\u015fisel Veriler \u0130nternet sitemizi ziyaret eden kullan\u0131c\u0131lar\u0131m\u0131z\u0131n a\u015fa\u011f\u0131daki ki\u015fisel verileri i\u015flenebilir: Ad, [&hellip;]<\/p>\n","protected":false},"author":1,"featured_media":0,"parent":0,"menu_order":0,"comment_status":"closed","ping_status":"closed","template":"","meta":{"footnotes":""},"class_list":["post-1370","page","type-page","status-publish","hentry"],"yoast_head":"<!-- This site is optimized with the Yoast SEO plugin v26.3 - https:\/\/yoast.com\/wordpress\/plugins\/seo\/ -->\n<title>KVKK - Level Grup<\/title>\n<meta name=\"robots\" content=\"index, follow, max-snippet:-1, max-image-preview:large, max-video-preview:-1\" \/>\n<link rel=\"canonical\" href=\"https:\/\/levelgrup.com\/?page_id=1370\" \/>\n<meta property=\"og:locale\" content=\"tr_TR\" \/>\n<meta property=\"og:type\" content=\"article\" \/>\n<meta property=\"og:title\" content=\"KVKK - Level Grup\" \/>\n<meta property=\"og:description\" content=\"Ki\u015fisel Verilerin Korunmas\u0131 Kanunu Ki\u015fisel Verilerin Korunmas\u0131 ve \u0130\u015flenmesi Politikas\u0131 1. Veri Sorumlusu ve Temsilcisi Bu ayd\u0131nlatma metni, Level Ankara (\u201c\u015eirket\u201d) taraf\u0131ndan, 6698 say\u0131l\u0131 Ki\u015fisel Verilerin Korunmas\u0131 Kanunu (\u201cKVKK\u201d) uyar\u0131nca, ki\u015fisel verilerin i\u015flenmesi, korunmas\u0131 ve aktar\u0131lmas\u0131 konusunda bilgilendirme amac\u0131yla haz\u0131rlanm\u0131\u015ft\u0131r. \u00a0 2. \u0130\u015flenen Ki\u015fisel Veriler \u0130nternet sitemizi ziyaret eden kullan\u0131c\u0131lar\u0131m\u0131z\u0131n a\u015fa\u011f\u0131daki ki\u015fisel verileri i\u015flenebilir: Ad, [&hellip;]\" \/>\n<meta property=\"og:url\" content=\"https:\/\/levelgrup.com\/?page_id=1370\" \/>\n<meta property=\"og:site_name\" content=\"Level Grup\" \/>\n<meta property=\"article:modified_time\" content=\"2025-08-16T13:11:56+00:00\" \/>\n<meta name=\"twitter:card\" content=\"summary_large_image\" \/>\n<meta name=\"twitter:label1\" content=\"Tahmini okuma s\u00fcresi\" \/>\n\t<meta name=\"twitter:data1\" content=\"2 dakika\" \/>\n<script type=\"application\/ld+json\" class=\"yoast-schema-graph\">{\"@context\":\"https:\/\/schema.org\",\"@graph\":[{\"@type\":\"WebPage\",\"@id\":\"https:\/\/levelgrup.com\/?page_id=1370\",\"url\":\"https:\/\/levelgrup.com\/?page_id=1370\",\"name\":\"KVKK - Level Grup\",\"isPartOf\":{\"@id\":\"https:\/\/levelgrup.com\/#website\"},\"datePublished\":\"2025-08-14T14:23:51+00:00\",\"dateModified\":\"2025-08-16T13:11:56+00:00\",\"breadcrumb\":{\"@id\":\"https:\/\/levelgrup.com\/?page_id=1370#breadcrumb\"},\"inLanguage\":\"tr\",\"potentialAction\":[{\"@type\":\"ReadAction\",\"target\":[\"https:\/\/levelgrup.com\/?page_id=1370\"]}]},{\"@type\":\"BreadcrumbList\",\"@id\":\"https:\/\/levelgrup.com\/?page_id=1370#breadcrumb\",\"itemListElement\":[{\"@type\":\"ListItem\",\"position\":1,\"name\":\"Anasayfa\",\"item\":\"https:\/\/levelgrup.com\/\"},{\"@type\":\"ListItem\",\"position\":2,\"name\":\"KVKK\"}]},{\"@type\":\"WebSite\",\"@id\":\"https:\/\/levelgrup.com\/#website\",\"url\":\"https:\/\/levelgrup.com\/\",\"name\":\"Level Grup\",\"description\":\"Level Grup\",\"publisher\":{\"@id\":\"https:\/\/levelgrup.com\/#organization\"},\"potentialAction\":[{\"@type\":\"SearchAction\",\"target\":{\"@type\":\"EntryPoint\",\"urlTemplate\":\"https:\/\/levelgrup.com\/?s={search_term_string}\"},\"query-input\":{\"@type\":\"PropertyValueSpecification\",\"valueRequired\":true,\"valueName\":\"search_term_string\"}}],\"inLanguage\":\"tr\"},{\"@type\":\"Organization\",\"@id\":\"https:\/\/levelgrup.com\/#organization\",\"name\":\"Level Grup\",\"url\":\"https:\/\/levelgrup.com\/\",\"logo\":{\"@type\":\"ImageObject\",\"inLanguage\":\"tr\",\"@id\":\"https:\/\/levelgrup.com\/#\/schema\/logo\/image\/\",\"url\":\"https:\/\/levelgrup.com\/wp-content\/uploads\/2023\/10\/bismillah.png\",\"contentUrl\":\"https:\/\/levelgrup.com\/wp-content\/uploads\/2023\/10\/bismillah.png\",\"width\":1024,\"height\":189,\"caption\":\"Level Grup\"},\"image\":{\"@id\":\"https:\/\/levelgrup.com\/#\/schema\/logo\/image\/\"}}]}<\/script>\n<!-- \/ Yoast SEO plugin. -->","yoast_head_json":{"title":"KVKK - Level Grup","robots":{"index":"index","follow":"follow","max-snippet":"max-snippet:-1","max-image-preview":"max-image-preview:large","max-video-preview":"max-video-preview:-1"},"canonical":"https:\/\/levelgrup.com\/?page_id=1370","og_locale":"tr_TR","og_type":"article","og_title":"KVKK - Level Grup","og_description":"Ki\u015fisel Verilerin Korunmas\u0131 Kanunu Ki\u015fisel Verilerin Korunmas\u0131 ve \u0130\u015flenmesi Politikas\u0131 1. Veri Sorumlusu ve Temsilcisi Bu ayd\u0131nlatma metni, Level Ankara (\u201c\u015eirket\u201d) taraf\u0131ndan, 6698 say\u0131l\u0131 Ki\u015fisel Verilerin Korunmas\u0131 Kanunu (\u201cKVKK\u201d) uyar\u0131nca, ki\u015fisel verilerin i\u015flenmesi, korunmas\u0131 ve aktar\u0131lmas\u0131 konusunda bilgilendirme amac\u0131yla haz\u0131rlanm\u0131\u015ft\u0131r. \u00a0 2. \u0130\u015flenen Ki\u015fisel Veriler \u0130nternet sitemizi ziyaret eden kullan\u0131c\u0131lar\u0131m\u0131z\u0131n a\u015fa\u011f\u0131daki ki\u015fisel verileri i\u015flenebilir: Ad, [&hellip;]","og_url":"https:\/\/levelgrup.com\/?page_id=1370","og_site_name":"Level Grup","article_modified_time":"2025-08-16T13:11:56+00:00","twitter_card":"summary_large_image","twitter_misc":{"Tahmini okuma s\u00fcresi":"2 dakika"},"schema":{"@context":"https:\/\/schema.org","@graph":[{"@type":"WebPage","@id":"https:\/\/levelgrup.com\/?page_id=1370","url":"https:\/\/levelgrup.com\/?page_id=1370","name":"KVKK - Level Grup","isPartOf":{"@id":"https:\/\/levelgrup.com\/#website"},"datePublished":"2025-08-14T14:23:51+00:00","dateModified":"2025-08-16T13:11:56+00:00","breadcrumb":{"@id":"https:\/\/levelgrup.com\/?page_id=1370#breadcrumb"},"inLanguage":"tr","potentialAction":[{"@type":"ReadAction","target":["https:\/\/levelgrup.com\/?page_id=1370"]}]},{"@type":"BreadcrumbList","@id":"https:\/\/levelgrup.com\/?page_id=1370#breadcrumb","itemListElement":[{"@type":"ListItem","position":1,"name":"Anasayfa","item":"https:\/\/levelgrup.com\/"},{"@type":"ListItem","position":2,"name":"KVKK"}]},{"@type":"WebSite","@id":"https:\/\/levelgrup.com\/#website","url":"https:\/\/levelgrup.com\/","name":"Level Grup","description":"Level Grup","publisher":{"@id":"https:\/\/levelgrup.com\/#organization"},"potentialAction":[{"@type":"SearchAction","target":{"@type":"EntryPoint","urlTemplate":"https:\/\/levelgrup.com\/?s={search_term_string}"},"query-input":{"@type":"PropertyValueSpecification","valueRequired":true,"valueName":"search_term_string"}}],"inLanguage":"tr"},{"@type":"Organization","@id":"https:\/\/levelgrup.com\/#organization","name":"Level Grup","url":"https:\/\/levelgrup.com\/","logo":{"@type":"ImageObject","inLanguage":"tr","@id":"https:\/\/levelgrup.com\/#\/schema\/logo\/image\/","url":"https:\/\/levelgrup.com\/wp-content\/uploads\/2023\/10\/bismillah.png","contentUrl":"https:\/\/levelgrup.com\/wp-content\/uploads\/2023\/10\/bismillah.png","width":1024,"height":189,"caption":"Level Grup"},"image":{"@id":"https:\/\/levelgrup.com\/#\/schema\/logo\/image\/"}}]}},"_links":{"self":[{"href":"https:\/\/levelgrup.com\/index.php?rest_route=\/wp\/v2\/pages\/1370","targetHints":{"allow":["GET"]}}],"collection":[{"href":"https:\/\/levelgrup.com\/index.php?rest_route=\/wp\/v2\/pages"}],"about":[{"href":"https:\/\/levelgrup.com\/index.php?rest_route=\/wp\/v2\/types\/page"}],"author":[{"embeddable":true,"href":"https:\/\/levelgrup.com\/index.php?rest_route=\/wp\/v2\/users\/1"}],"replies":[{"embeddable":true,"href":"https:\/\/levelgrup.com\/index.php?rest_route=%2Fwp%2Fv2%2Fcomments&post=1370"}],"version-history":[{"count":16,"href":"https:\/\/levelgrup.com\/index.php?rest_route=\/wp\/v2\/pages\/1370\/revisions"}],"predecessor-version":[{"id":1614,"href":"https:\/\/levelgrup.com\/index.php?rest_route=\/wp\/v2\/pages\/1370\/revisions\/1614"}],"wp:attachment":[{"href":"https:\/\/levelgrup.com\/index.php?rest_route=%2Fwp%2Fv2%2Fmedia&parent=1370"}],"curies":[{"name":"wp","href":"https:\/\/api.w.org\/{rel}","templated":true}]}}