{"id":1176,"date":"2023-12-31T19:17:57","date_gmt":"2023-12-31T19:17:57","guid":{"rendered":"https:\/\/levelgrup.com\/?page_id=1176"},"modified":"2025-08-16T19:41:37","modified_gmt":"2025-08-16T16:41:37","slug":"kurumsal","status":"publish","type":"page","link":"https:\/\/levelgrup.com\/?page_id=1176","title":{"rendered":"Kurumsal"},"content":{"rendered":"\t\t<div data-elementor-type=\"wp-page\" data-elementor-id=\"1176\" class=\"elementor elementor-1176\" data-elementor-post-type=\"page\">\n\t\t\t\t<div class=\"elementor-element elementor-element-2717c33b e-flex e-con-boxed e-con e-parent\" data-id=\"2717c33b\" data-element_type=\"container\" data-e-type=\"container\" data-settings=\"{&quot;background_background&quot;:&quot;classic&quot;,&quot;background_motion_fx_motion_fx_scrolling&quot;:&quot;yes&quot;,&quot;background_motion_fx_scale_effect&quot;:&quot;yes&quot;,&quot;background_motion_fx_scale_direction&quot;:&quot;out-in&quot;,&quot;background_motion_fx_scale_speed&quot;:{&quot;unit&quot;:&quot;px&quot;,&quot;size&quot;:4,&quot;sizes&quot;:[]},&quot;background_motion_fx_scale_range&quot;:{&quot;unit&quot;:&quot;%&quot;,&quot;size&quot;:&quot;&quot;,&quot;sizes&quot;:{&quot;start&quot;:20,&quot;end&quot;:80}},&quot;background_motion_fx_devices&quot;:[&quot;desktop&quot;,&quot;tablet&quot;,&quot;mobile&quot;]}\">\n\t\t\t\t\t<div class=\"e-con-inner\">\n\t\t\t\t<div class=\"elementor-element elementor-element-3903f21d elementor-align-center elementor-widget elementor-widget-lottie\" data-id=\"3903f21d\" data-element_type=\"widget\" data-e-type=\"widget\" data-settings=\"{&quot;source_json&quot;:{&quot;url&quot;:&quot;https:\\\/\\\/levelgrup.com\\\/wp-content\\\/uploads\\\/2023\\\/10\\\/Animation-1697735942630.json&quot;,&quot;id&quot;:556,&quot;size&quot;:&quot;&quot;,&quot;alt&quot;:&quot;&quot;,&quot;source&quot;:&quot;library&quot;},&quot;loop&quot;:&quot;yes&quot;,&quot;source&quot;:&quot;media_file&quot;,&quot;caption_source&quot;:&quot;none&quot;,&quot;link_to&quot;:&quot;none&quot;,&quot;trigger&quot;:&quot;arriving_to_viewport&quot;,&quot;viewport&quot;:{&quot;unit&quot;:&quot;%&quot;,&quot;size&quot;:&quot;&quot;,&quot;sizes&quot;:{&quot;start&quot;:0,&quot;end&quot;:100}},&quot;play_speed&quot;:{&quot;unit&quot;:&quot;px&quot;,&quot;size&quot;:1,&quot;sizes&quot;:[]},&quot;start_point&quot;:{&quot;unit&quot;:&quot;%&quot;,&quot;size&quot;:&quot;0&quot;,&quot;sizes&quot;:[]},&quot;end_point&quot;:{&quot;unit&quot;:&quot;%&quot;,&quot;size&quot;:&quot;100&quot;,&quot;sizes&quot;:[]},&quot;renderer&quot;:&quot;svg&quot;}\" data-widget_type=\"lottie.default\">\n\t\t\t\t<div class=\"elementor-widget-container\">\n\t\t\t\t\t<div class=\"e-lottie__container\"><div class=\"e-lottie__animation\"><\/div><\/div>\t\t\t\t<\/div>\n\t\t\t\t<\/div>\n\t\t\t\t\t<\/div>\n\t\t\t\t<\/div>\n\t\t<div class=\"elementor-element elementor-element-b7130fa e-flex e-con-boxed e-con e-parent\" data-id=\"b7130fa\" data-element_type=\"container\" data-e-type=\"container\">\n\t\t\t\t\t<div class=\"e-con-inner\">\n\t\t<div class=\"elementor-element elementor-element-8505fe4 e-con-full e-flex e-con e-child\" data-id=\"8505fe4\" data-element_type=\"container\" data-e-type=\"container\">\n\t\t\t\t<div class=\"elementor-element elementor-element-0bb75a7 elementor-widget elementor-widget-text-editor\" data-id=\"0bb75a7\" data-element_type=\"widget\" data-e-type=\"widget\" data-widget_type=\"text-editor.default\">\n\t\t\t\t<div class=\"elementor-widget-container\">\n\t\t\t\t\t\t\t\t\t<h2 data-start=\"268\" data-end=\"287\"><strong data-start=\"271\" data-end=\"285\">Hakk\u0131m\u0131zda<\/strong><\/h2>\n<p data-start=\"288\" data-end=\"928\">Level Ankara, kuruldu\u011fu g\u00fcnden bu yana in\u015faat sekt\u00f6r\u00fcnde fark yaratma hedefiyle yola \u00e7\u0131km\u0131\u015ft\u0131r. Amac\u0131m\u0131z yaln\u0131zca binalar in\u015fa etmek de\u011fil, ayn\u0131 zamanda insanlara de\u011fer katan ya\u015fam alanlar\u0131 olu\u015fturmak olmu\u015ftur. Modern mimari anlay\u0131\u015f\u0131n\u0131, estetik dokunu\u015flarla ve sa\u011flam m\u00fchendislik \u00e7\u00f6z\u00fcmleriyle harmanlayarak, her projemizde kaliteyi \u00f6n plana \u00e7\u0131kar\u0131yoruz.<br data-start=\"641\" data-end=\"644\">Y\u0131llara dayanan tecr\u00fcbemiz, g\u00fc\u00e7l\u00fc ekibimiz ve disiplinli \u00e7al\u0131\u015fma anlay\u0131\u015f\u0131m\u0131zla, hem konut hem de ticari projelerde Ankara\u2019n\u0131n y\u00fckselen markalar\u0131ndan biri olman\u0131n gururunu ya\u015f\u0131yoruz. M\u00fc\u015fteri memnuniyeti, i\u015f g\u00fcvenli\u011fi ve \u00e7evreye duyarl\u0131l\u0131k, t\u00fcm \u00e7al\u0131\u015fmalar\u0131m\u0131z\u0131n merkezinde yer al\u0131yor.<\/p><p data-start=\"288\" data-end=\"928\"><br><\/p>\n<p data-start=\"288\" data-end=\"928\">\n<\/p><hr data-start=\"930\" data-end=\"933\">\n<h2 data-start=\"935\" data-end=\"954\"><strong data-start=\"938\" data-end=\"952\">Misyonumuz<\/strong><\/h2>\n<p data-start=\"955\" data-end=\"1559\">Misyonumuz, ya\u015fam\u0131n her alan\u0131na dokunan projeler geli\u015ftirerek \u015fehir siluetine de\u011fer katmakt\u0131r. Biz, sadece in\u015faat yapan bir firma de\u011fil, ayn\u0131 zamanda hayalleri ger\u00e7e\u011fe d\u00f6n\u00fc\u015ft\u00fcren bir \u00e7\u00f6z\u00fcm orta\u011f\u0131 olmay\u0131 hedefliyoruz.<br data-start=\"1171\" data-end=\"1174\">Kalite standartlar\u0131ndan \u00f6d\u00fcn vermeden, en g\u00fcncel teknolojileri ve malzemeleri kullanarak, estetik, g\u00fcvenli ve uzun \u00f6m\u00fcrl\u00fc yap\u0131lar in\u015fa ediyoruz. M\u00fc\u015fterilerimizin beklentilerini a\u015fmak, projelerimizi zaman\u0131nda ve eksiksiz teslim etmek temel ilkemizdir. Bunun yan\u0131 s\u0131ra, sekt\u00f6rdeki yenilikleri yak\u0131ndan takip ederek, her projemize \u00e7a\u011f\u0131n gereksinimlerine uygun \u00e7\u00f6z\u00fcmler entegre ediyoruz.<\/p><p data-start=\"955\" data-end=\"1559\"><br><\/p>\n<p data-start=\"955\" data-end=\"1559\">\n<\/p><hr data-start=\"1561\" data-end=\"1564\">\n<h2 data-start=\"1566\" data-end=\"1585\"><strong data-start=\"1569\" data-end=\"1583\">Vizyonumuz<\/strong><\/h2>\n<p data-start=\"1586\" data-end=\"2016\">Vizyonumuz, Ankara ba\u015fta olmak \u00fczere T\u00fcrkiye genelinde in\u015faat sekt\u00f6r\u00fcnde \u00f6nc\u00fc ve g\u00fcvenilir bir marka olmakt\u0131r.<br data-start=\"1696\" data-end=\"1699\">Yenilik\u00e7i projeler, y\u00fcksek kalite anlay\u0131\u015f\u0131 ve g\u00fc\u00e7l\u00fc referanslarla hem ulusal hem de uluslararas\u0131 pazarda s\u00f6z sahibi olmay\u0131 ama\u00e7l\u0131yoruz.<br data-start=\"1834\" data-end=\"1837\">Gelece\u011fin \u015fehirlerini, bug\u00fcn\u00fcn teknolojisiyle ve s\u00fcrd\u00fcr\u00fclebilir mimari anlay\u0131\u015f\u0131yla tasarlayarak; insanlara daha konforlu, g\u00fcvenli ve estetik ya\u015fam alanlar\u0131 sunmay\u0131 hedefliyoruz.<\/p><p data-start=\"1586\" data-end=\"2016\"><br><\/p>\n<p data-start=\"1586\" data-end=\"2016\">\n<\/p>\t\t\t\t\t\t\t\t<\/div>\n\t\t\t\t<\/div>\n\t\t\t\t<\/div>\n\t\t\t\t\t<\/div>\n\t\t\t\t<\/div>\n\t\t\t\t<\/div>\n\t\t","protected":false},"excerpt":{"rendered":"<p>Hakk\u0131m\u0131zda Level Ankara, kuruldu\u011fu g\u00fcnden bu yana in\u015faat sekt\u00f6r\u00fcnde fark yaratma hedefiyle yola \u00e7\u0131km\u0131\u015ft\u0131r. Amac\u0131m\u0131z yaln\u0131zca binalar in\u015fa etmek de\u011fil, ayn\u0131 zamanda insanlara de\u011fer katan ya\u015fam alanlar\u0131 olu\u015fturmak olmu\u015ftur. Modern mimari anlay\u0131\u015f\u0131n\u0131, estetik dokunu\u015flarla ve sa\u011flam m\u00fchendislik \u00e7\u00f6z\u00fcmleriyle harmanlayarak, her projemizde kaliteyi \u00f6n plana \u00e7\u0131kar\u0131yoruz.Y\u0131llara dayanan tecr\u00fcbemiz, g\u00fc\u00e7l\u00fc ekibimiz ve disiplinli \u00e7al\u0131\u015fma anlay\u0131\u015f\u0131m\u0131zla, hem konut [&hellip;]<\/p>\n","protected":false},"author":1,"featured_media":0,"parent":0,"menu_order":0,"comment_status":"closed","ping_status":"closed","template":"","meta":{"footnotes":""},"class_list":["post-1176","page","type-page","status-publish","hentry"],"yoast_head":"<!-- This site is optimized with the Yoast SEO plugin v26.3 - https:\/\/yoast.com\/wordpress\/plugins\/seo\/ -->\n<title>Kurumsal - Level Grup<\/title>\n<meta name=\"robots\" content=\"index, follow, max-snippet:-1, max-image-preview:large, max-video-preview:-1\" \/>\n<link rel=\"canonical\" href=\"https:\/\/levelgrup.com\/?page_id=1176\" \/>\n<meta property=\"og:locale\" content=\"tr_TR\" \/>\n<meta property=\"og:type\" content=\"article\" \/>\n<meta property=\"og:title\" content=\"Kurumsal - Level Grup\" \/>\n<meta property=\"og:description\" content=\"Hakk\u0131m\u0131zda Level Ankara, kuruldu\u011fu g\u00fcnden bu yana in\u015faat sekt\u00f6r\u00fcnde fark yaratma hedefiyle yola \u00e7\u0131km\u0131\u015ft\u0131r. Amac\u0131m\u0131z yaln\u0131zca binalar in\u015fa etmek de\u011fil, ayn\u0131 zamanda insanlara de\u011fer katan ya\u015fam alanlar\u0131 olu\u015fturmak olmu\u015ftur. Modern mimari anlay\u0131\u015f\u0131n\u0131, estetik dokunu\u015flarla ve sa\u011flam m\u00fchendislik \u00e7\u00f6z\u00fcmleriyle harmanlayarak, her projemizde kaliteyi \u00f6n plana \u00e7\u0131kar\u0131yoruz.Y\u0131llara dayanan tecr\u00fcbemiz, g\u00fc\u00e7l\u00fc ekibimiz ve disiplinli \u00e7al\u0131\u015fma anlay\u0131\u015f\u0131m\u0131zla, hem konut [&hellip;]\" \/>\n<meta property=\"og:url\" content=\"https:\/\/levelgrup.com\/?page_id=1176\" \/>\n<meta property=\"og:site_name\" content=\"Level Grup\" \/>\n<meta property=\"article:modified_time\" content=\"2025-08-16T16:41:37+00:00\" \/>\n<meta name=\"twitter:card\" content=\"summary_large_image\" \/>\n<meta name=\"twitter:label1\" content=\"Tahmini okuma s\u00fcresi\" \/>\n\t<meta name=\"twitter:data1\" content=\"2 dakika\" \/>\n<script type=\"application\/ld+json\" class=\"yoast-schema-graph\">{\"@context\":\"https:\/\/schema.org\",\"@graph\":[{\"@type\":\"WebPage\",\"@id\":\"https:\/\/levelgrup.com\/?page_id=1176\",\"url\":\"https:\/\/levelgrup.com\/?page_id=1176\",\"name\":\"Kurumsal - Level Grup\",\"isPartOf\":{\"@id\":\"https:\/\/levelgrup.com\/#website\"},\"datePublished\":\"2023-12-31T19:17:57+00:00\",\"dateModified\":\"2025-08-16T16:41:37+00:00\",\"breadcrumb\":{\"@id\":\"https:\/\/levelgrup.com\/?page_id=1176#breadcrumb\"},\"inLanguage\":\"tr\",\"potentialAction\":[{\"@type\":\"ReadAction\",\"target\":[\"https:\/\/levelgrup.com\/?page_id=1176\"]}]},{\"@type\":\"BreadcrumbList\",\"@id\":\"https:\/\/levelgrup.com\/?page_id=1176#breadcrumb\",\"itemListElement\":[{\"@type\":\"ListItem\",\"position\":1,\"name\":\"Anasayfa\",\"item\":\"https:\/\/levelgrup.com\/\"},{\"@type\":\"ListItem\",\"position\":2,\"name\":\"Kurumsal\"}]},{\"@type\":\"WebSite\",\"@id\":\"https:\/\/levelgrup.com\/#website\",\"url\":\"https:\/\/levelgrup.com\/\",\"name\":\"Level Grup\",\"description\":\"Level Grup\",\"publisher\":{\"@id\":\"https:\/\/levelgrup.com\/#organization\"},\"potentialAction\":[{\"@type\":\"SearchAction\",\"target\":{\"@type\":\"EntryPoint\",\"urlTemplate\":\"https:\/\/levelgrup.com\/?s={search_term_string}\"},\"query-input\":{\"@type\":\"PropertyValueSpecification\",\"valueRequired\":true,\"valueName\":\"search_term_string\"}}],\"inLanguage\":\"tr\"},{\"@type\":\"Organization\",\"@id\":\"https:\/\/levelgrup.com\/#organization\",\"name\":\"Level Grup\",\"url\":\"https:\/\/levelgrup.com\/\",\"logo\":{\"@type\":\"ImageObject\",\"inLanguage\":\"tr\",\"@id\":\"https:\/\/levelgrup.com\/#\/schema\/logo\/image\/\",\"url\":\"https:\/\/levelgrup.com\/wp-content\/uploads\/2023\/10\/bismillah.png\",\"contentUrl\":\"https:\/\/levelgrup.com\/wp-content\/uploads\/2023\/10\/bismillah.png\",\"width\":1024,\"height\":189,\"caption\":\"Level Grup\"},\"image\":{\"@id\":\"https:\/\/levelgrup.com\/#\/schema\/logo\/image\/\"}}]}<\/script>\n<!-- \/ Yoast SEO plugin. -->","yoast_head_json":{"title":"Kurumsal - Level Grup","robots":{"index":"index","follow":"follow","max-snippet":"max-snippet:-1","max-image-preview":"max-image-preview:large","max-video-preview":"max-video-preview:-1"},"canonical":"https:\/\/levelgrup.com\/?page_id=1176","og_locale":"tr_TR","og_type":"article","og_title":"Kurumsal - Level Grup","og_description":"Hakk\u0131m\u0131zda Level Ankara, kuruldu\u011fu g\u00fcnden bu yana in\u015faat sekt\u00f6r\u00fcnde fark yaratma hedefiyle yola \u00e7\u0131km\u0131\u015ft\u0131r. Amac\u0131m\u0131z yaln\u0131zca binalar in\u015fa etmek de\u011fil, ayn\u0131 zamanda insanlara de\u011fer katan ya\u015fam alanlar\u0131 olu\u015fturmak olmu\u015ftur. Modern mimari anlay\u0131\u015f\u0131n\u0131, estetik dokunu\u015flarla ve sa\u011flam m\u00fchendislik \u00e7\u00f6z\u00fcmleriyle harmanlayarak, her projemizde kaliteyi \u00f6n plana \u00e7\u0131kar\u0131yoruz.Y\u0131llara dayanan tecr\u00fcbemiz, g\u00fc\u00e7l\u00fc ekibimiz ve disiplinli \u00e7al\u0131\u015fma anlay\u0131\u015f\u0131m\u0131zla, hem konut [&hellip;]","og_url":"https:\/\/levelgrup.com\/?page_id=1176","og_site_name":"Level Grup","article_modified_time":"2025-08-16T16:41:37+00:00","twitter_card":"summary_large_image","twitter_misc":{"Tahmini okuma s\u00fcresi":"2 dakika"},"schema":{"@context":"https:\/\/schema.org","@graph":[{"@type":"WebPage","@id":"https:\/\/levelgrup.com\/?page_id=1176","url":"https:\/\/levelgrup.com\/?page_id=1176","name":"Kurumsal - Level Grup","isPartOf":{"@id":"https:\/\/levelgrup.com\/#website"},"datePublished":"2023-12-31T19:17:57+00:00","dateModified":"2025-08-16T16:41:37+00:00","breadcrumb":{"@id":"https:\/\/levelgrup.com\/?page_id=1176#breadcrumb"},"inLanguage":"tr","potentialAction":[{"@type":"ReadAction","target":["https:\/\/levelgrup.com\/?page_id=1176"]}]},{"@type":"BreadcrumbList","@id":"https:\/\/levelgrup.com\/?page_id=1176#breadcrumb","itemListElement":[{"@type":"ListItem","position":1,"name":"Anasayfa","item":"https:\/\/levelgrup.com\/"},{"@type":"ListItem","position":2,"name":"Kurumsal"}]},{"@type":"WebSite","@id":"https:\/\/levelgrup.com\/#website","url":"https:\/\/levelgrup.com\/","name":"Level Grup","description":"Level Grup","publisher":{"@id":"https:\/\/levelgrup.com\/#organization"},"potentialAction":[{"@type":"SearchAction","target":{"@type":"EntryPoint","urlTemplate":"https:\/\/levelgrup.com\/?s={search_term_string}"},"query-input":{"@type":"PropertyValueSpecification","valueRequired":true,"valueName":"search_term_string"}}],"inLanguage":"tr"},{"@type":"Organization","@id":"https:\/\/levelgrup.com\/#organization","name":"Level Grup","url":"https:\/\/levelgrup.com\/","logo":{"@type":"ImageObject","inLanguage":"tr","@id":"https:\/\/levelgrup.com\/#\/schema\/logo\/image\/","url":"https:\/\/levelgrup.com\/wp-content\/uploads\/2023\/10\/bismillah.png","contentUrl":"https:\/\/levelgrup.com\/wp-content\/uploads\/2023\/10\/bismillah.png","width":1024,"height":189,"caption":"Level Grup"},"image":{"@id":"https:\/\/levelgrup.com\/#\/schema\/logo\/image\/"}}]}},"_links":{"self":[{"href":"https:\/\/levelgrup.com\/index.php?rest_route=\/wp\/v2\/pages\/1176","targetHints":{"allow":["GET"]}}],"collection":[{"href":"https:\/\/levelgrup.com\/index.php?rest_route=\/wp\/v2\/pages"}],"about":[{"href":"https:\/\/levelgrup.com\/index.php?rest_route=\/wp\/v2\/types\/page"}],"author":[{"embeddable":true,"href":"https:\/\/levelgrup.com\/index.php?rest_route=\/wp\/v2\/users\/1"}],"replies":[{"embeddable":true,"href":"https:\/\/levelgrup.com\/index.php?rest_route=%2Fwp%2Fv2%2Fcomments&post=1176"}],"version-history":[{"count":42,"href":"https:\/\/levelgrup.com\/index.php?rest_route=\/wp\/v2\/pages\/1176\/revisions"}],"predecessor-version":[{"id":1630,"href":"https:\/\/levelgrup.com\/index.php?rest_route=\/wp\/v2\/pages\/1176\/revisions\/1630"}],"wp:attachment":[{"href":"https:\/\/levelgrup.com\/index.php?rest_route=%2Fwp%2Fv2%2Fmedia&parent=1176"}],"curies":[{"name":"wp","href":"https:\/\/api.w.org\/{rel}","templated":true}]}}